{"id":68,"date":"2021-12-07T12:49:54","date_gmt":"2021-12-07T11:49:54","guid":{"rendered":"https:\/\/psychiatria.umed.pl\/klinika-zaburzen-afektywnych-psychotycznych\/?page_id=68"},"modified":"2025-09-24T14:12:20","modified_gmt":"2025-09-24T12:12:20","slug":"iii-rok","status":"publish","type":"page","link":"https:\/\/psychiatria.umed.pl\/kzap\/dydaktyka\/iii-rok\/","title":{"rendered":"III rok"},"content":{"rendered":"<h2>Dokumenty<\/h2>\n<ul>\n<li><a href=\"https:\/\/psychiatria.umed.pl\/kzap\/wp-content\/uploads\/sites\/2\/2024\/12\/studenci_zasady_epidemiczne_2024.pdf\" target=\"_blank\" rel=\"noopener\">Zasady bezpiecze\u0144stwa epidemiologicznego<\/a><\/li>\n<li><a href=\"https:\/\/psychiatria.umed.pl\/kzap\/wp-content\/uploads\/sites\/2\/2025\/09\/Indywidualna-karta-cwiczen-III-rok.docx\" target=\"_blank\" rel=\"noopener\">Indywidualna karta \u0107wicze\u0144<\/a><\/li>\n<li><a href=\"https:\/\/psychiatria.umed.pl\/kzap\/wp-content\/uploads\/sites\/2\/2022\/09\/Literatura-III-rok.docx\" target=\"_blank\" rel=\"noopener\">Literatura &#8211; propedeutyka<\/a><\/li>\n<li><a href=\"https:\/\/psychiatria.umed.pl\/dydaktyka\/2014\/badania_psychiatryczne_3.docx\">Badania psychiatryczne<\/a><\/li>\n<\/ul>\n<p>&nbsp;<\/p>\n<h2>Prelekcje<\/h2>\n<ul>\n<li><a href=\"https:\/\/psychiatria.umed.pl\/dydaktyka\/2018\/Psychopatologia-czI.pptx\">Psychopatologia cz. I<\/a><\/li>\n<li><a href=\"https:\/\/psychiatria.umed.pl\/dydaktyka\/2018\/Psychopatologia-czII.pptx\">Psychopatologia cz. II<\/a><\/li>\n<li><a href=\"https:\/\/psychiatria.umed.pl\/dydaktyka\/2018\/Zab. afektywne.pptx\">Zab. afektywne<\/a><\/li>\n<li><a href=\"https:\/\/psychiatria.umed.pl\/dydaktyka\/2018\/Zab. psychotyczne.pptx\">Zab. psychotyczne<\/a><\/li>\n<li><a href=\"https:\/\/psychiatria.umed.pl\/dydaktyka\/2018\/Zaburzenia lekowe.pptx\">Zaburzenia l\u0119kowe<\/a><\/li>\n<\/ul>\n<p>&nbsp;<\/p>\n<h2>Wyk\u0142ady<\/h2>\n<p>Wyk\u0142ady s\u0105 dost\u0119pne na platformie e-learningowej.<\/p>\n","protected":false},"excerpt":{"rendered":"<p>Dokumenty Zasady bezpiecze\u0144stwa epidemiologicznego Indywidualna karta \u0107wicze\u0144 Literatura &#8211; propedeutyka Badania psychiatryczne &nbsp; Prelekcje Psychopatologia cz. I Psychopatologia cz. II Zab. afektywne Zab. psychotyczne Zaburzenia l\u0119kowe &nbsp; Wyk\u0142ady Wyk\u0142ady s\u0105 dost\u0119pne na platformie e-learningowej.<\/p>\n","protected":false},"author":2,"featured_media":0,"parent":66,"menu_order":0,"comment_status":"closed","ping_status":"closed","template":"","meta":{"footnotes":""},"class_list":["post-68","page","type-page","status-publish","hentry"],"yoast_head":"<!-- This site is optimized with the Yoast SEO plugin v27.4 - https:\/\/yoast.com\/product\/yoast-seo-wordpress\/ -->\n<title>III rok - Klinika Zaburze\u0144 Afektywnych i Psychotycznych<\/title>\n<meta name=\"robots\" content=\"index, follow, max-snippet:-1, max-image-preview:large, max-video-preview:-1\" \/>\n<link rel=\"canonical\" href=\"https:\/\/psychiatria.umed.pl\/kzap\/dydaktyka\/iii-rok\/\" \/>\n<meta property=\"og:locale\" content=\"pl_PL\" \/>\n<meta property=\"og:type\" content=\"article\" \/>\n<meta property=\"og:title\" content=\"III rok - Klinika Zaburze\u0144 Afektywnych i Psychotycznych\" \/>\n<meta property=\"og:description\" content=\"Dokumenty Zasady bezpiecze\u0144stwa epidemiologicznego Indywidualna karta \u0107wicze\u0144 Literatura &#8211; propedeutyka Badania psychiatryczne &nbsp; Prelekcje Psychopatologia cz. I Psychopatologia cz. II Zab. afektywne Zab. psychotyczne Zaburzenia l\u0119kowe &nbsp; Wyk\u0142ady Wyk\u0142ady s\u0105 dost\u0119pne na platformie e-learningowej.\" \/>\n<meta property=\"og:url\" content=\"https:\/\/psychiatria.umed.pl\/kzap\/dydaktyka\/iii-rok\/\" \/>\n<meta property=\"og:site_name\" content=\"Klinika Zaburze\u0144 Afektywnych i Psychotycznych\" \/>\n<meta property=\"article:modified_time\" content=\"2025-09-24T12:12:20+00:00\" \/>\n<meta name=\"twitter:card\" content=\"summary_large_image\" \/>\n<meta name=\"twitter:label1\" content=\"Szacowany czas czytania\" \/>\n\t<meta name=\"twitter:data1\" content=\"1 minuta\" \/>\n<script type=\"application\/ld+json\" class=\"yoast-schema-graph\">{\"@context\":\"https:\\\/\\\/schema.org\",\"@graph\":[{\"@type\":\"WebPage\",\"@id\":\"https:\\\/\\\/psychiatria.umed.pl\\\/kzap\\\/dydaktyka\\\/iii-rok\\\/\",\"url\":\"https:\\\/\\\/psychiatria.umed.pl\\\/kzap\\\/dydaktyka\\\/iii-rok\\\/\",\"name\":\"III rok - Klinika Zaburze\u0144 Afektywnych i Psychotycznych\",\"isPartOf\":{\"@id\":\"https:\\\/\\\/psychiatria.umed.pl\\\/kzap\\\/#website\"},\"datePublished\":\"2021-12-07T11:49:54+00:00\",\"dateModified\":\"2025-09-24T12:12:20+00:00\",\"breadcrumb\":{\"@id\":\"https:\\\/\\\/psychiatria.umed.pl\\\/kzap\\\/dydaktyka\\\/iii-rok\\\/#breadcrumb\"},\"inLanguage\":\"pl-PL\",\"potentialAction\":[{\"@type\":\"ReadAction\",\"target\":[\"https:\\\/\\\/psychiatria.umed.pl\\\/kzap\\\/dydaktyka\\\/iii-rok\\\/\"]}]},{\"@type\":\"BreadcrumbList\",\"@id\":\"https:\\\/\\\/psychiatria.umed.pl\\\/kzap\\\/dydaktyka\\\/iii-rok\\\/#breadcrumb\",\"itemListElement\":[{\"@type\":\"ListItem\",\"position\":1,\"name\":\"Dydaktyka\",\"item\":\"https:\\\/\\\/psychiatria.umed.pl\\\/kzap\\\/dydaktyka\\\/\"},{\"@type\":\"ListItem\",\"position\":2,\"name\":\"III rok\"}]},{\"@type\":\"WebSite\",\"@id\":\"https:\\\/\\\/psychiatria.umed.pl\\\/kzap\\\/#website\",\"url\":\"https:\\\/\\\/psychiatria.umed.pl\\\/kzap\\\/\",\"name\":\"Klinika Zaburze\u0144 Afektywnych i Psychotycznych\",\"description\":\"Uniwersytet Medyczny w \u0141odzi\",\"potentialAction\":[{\"@type\":\"SearchAction\",\"target\":{\"@type\":\"EntryPoint\",\"urlTemplate\":\"https:\\\/\\\/psychiatria.umed.pl\\\/kzap\\\/?s={search_term_string}\"},\"query-input\":{\"@type\":\"PropertyValueSpecification\",\"valueRequired\":true,\"valueName\":\"search_term_string\"}}],\"inLanguage\":\"pl-PL\"}]}<\/script>\n<!-- \/ Yoast SEO plugin. -->","yoast_head_json":{"title":"III rok - Klinika Zaburze\u0144 Afektywnych i Psychotycznych","robots":{"index":"index","follow":"follow","max-snippet":"max-snippet:-1","max-image-preview":"max-image-preview:large","max-video-preview":"max-video-preview:-1"},"canonical":"https:\/\/psychiatria.umed.pl\/kzap\/dydaktyka\/iii-rok\/","og_locale":"pl_PL","og_type":"article","og_title":"III rok - Klinika Zaburze\u0144 Afektywnych i Psychotycznych","og_description":"Dokumenty Zasady bezpiecze\u0144stwa epidemiologicznego Indywidualna karta \u0107wicze\u0144 Literatura &#8211; propedeutyka Badania psychiatryczne &nbsp; Prelekcje Psychopatologia cz. I Psychopatologia cz. II Zab. afektywne Zab. psychotyczne Zaburzenia l\u0119kowe &nbsp; Wyk\u0142ady Wyk\u0142ady s\u0105 dost\u0119pne na platformie e-learningowej.","og_url":"https:\/\/psychiatria.umed.pl\/kzap\/dydaktyka\/iii-rok\/","og_site_name":"Klinika Zaburze\u0144 Afektywnych i Psychotycznych","article_modified_time":"2025-09-24T12:12:20+00:00","twitter_card":"summary_large_image","twitter_misc":{"Szacowany czas czytania":"1 minuta"},"schema":{"@context":"https:\/\/schema.org","@graph":[{"@type":"WebPage","@id":"https:\/\/psychiatria.umed.pl\/kzap\/dydaktyka\/iii-rok\/","url":"https:\/\/psychiatria.umed.pl\/kzap\/dydaktyka\/iii-rok\/","name":"III rok - Klinika Zaburze\u0144 Afektywnych i Psychotycznych","isPartOf":{"@id":"https:\/\/psychiatria.umed.pl\/kzap\/#website"},"datePublished":"2021-12-07T11:49:54+00:00","dateModified":"2025-09-24T12:12:20+00:00","breadcrumb":{"@id":"https:\/\/psychiatria.umed.pl\/kzap\/dydaktyka\/iii-rok\/#breadcrumb"},"inLanguage":"pl-PL","potentialAction":[{"@type":"ReadAction","target":["https:\/\/psychiatria.umed.pl\/kzap\/dydaktyka\/iii-rok\/"]}]},{"@type":"BreadcrumbList","@id":"https:\/\/psychiatria.umed.pl\/kzap\/dydaktyka\/iii-rok\/#breadcrumb","itemListElement":[{"@type":"ListItem","position":1,"name":"Dydaktyka","item":"https:\/\/psychiatria.umed.pl\/kzap\/dydaktyka\/"},{"@type":"ListItem","position":2,"name":"III rok"}]},{"@type":"WebSite","@id":"https:\/\/psychiatria.umed.pl\/kzap\/#website","url":"https:\/\/psychiatria.umed.pl\/kzap\/","name":"Klinika Zaburze\u0144 Afektywnych i Psychotycznych","description":"Uniwersytet Medyczny w \u0141odzi","potentialAction":[{"@type":"SearchAction","target":{"@type":"EntryPoint","urlTemplate":"https:\/\/psychiatria.umed.pl\/kzap\/?s={search_term_string}"},"query-input":{"@type":"PropertyValueSpecification","valueRequired":true,"valueName":"search_term_string"}}],"inLanguage":"pl-PL"}]}},"lang":"pl","translations":{"pl":68},"pll_sync_post":[],"_links":{"self":[{"href":"https:\/\/psychiatria.umed.pl\/kzap\/wp-json\/wp\/v2\/pages\/68","targetHints":{"allow":["GET"]}}],"collection":[{"href":"https:\/\/psychiatria.umed.pl\/kzap\/wp-json\/wp\/v2\/pages"}],"about":[{"href":"https:\/\/psychiatria.umed.pl\/kzap\/wp-json\/wp\/v2\/types\/page"}],"author":[{"embeddable":true,"href":"https:\/\/psychiatria.umed.pl\/kzap\/wp-json\/wp\/v2\/users\/2"}],"replies":[{"embeddable":true,"href":"https:\/\/psychiatria.umed.pl\/kzap\/wp-json\/wp\/v2\/comments?post=68"}],"version-history":[{"count":17,"href":"https:\/\/psychiatria.umed.pl\/kzap\/wp-json\/wp\/v2\/pages\/68\/revisions"}],"predecessor-version":[{"id":278,"href":"https:\/\/psychiatria.umed.pl\/kzap\/wp-json\/wp\/v2\/pages\/68\/revisions\/278"}],"up":[{"embeddable":true,"href":"https:\/\/psychiatria.umed.pl\/kzap\/wp-json\/wp\/v2\/pages\/66"}],"wp:attachment":[{"href":"https:\/\/psychiatria.umed.pl\/kzap\/wp-json\/wp\/v2\/media?parent=68"}],"curies":[{"name":"wp","href":"https:\/\/api.w.org\/{rel}","templated":true}]}}