{"id":66,"date":"2021-12-07T12:48:46","date_gmt":"2021-12-07T11:48:46","guid":{"rendered":"https:\/\/psychiatria.umed.pl\/klinika-zaburzen-afektywnych-psychotycznych\/?page_id=66"},"modified":"2021-12-07T12:48:46","modified_gmt":"2021-12-07T11:48:46","slug":"dydaktyka","status":"publish","type":"page","link":"https:\/\/psychiatria.umed.pl\/kzap\/dydaktyka\/","title":{"rendered":"Dydaktyka"},"content":{"rendered":"<p>Dzia\u0142alno\u015b\u0107 edukacyjna Kliniki dotyczy kszta\u0142cenia na r\u00f3\u017cnych poziomach: przeddyplomowym dla student\u00f3w, podyplomowym w zakresie psychiatrii og\u00f3lnej, psychologii klinicznej oraz studi\u00f3w doktoranckich w zakresie psychiatrii.<\/p>\n<p>Program nauczania student\u00f3w VI roku Wydzia\u0142u Lekarskiego obejmuje podstawowe zagadnienia psychiatrii klinicznej. Celem nauczania jest przekazanie studentom wiedzy i umiej\u0119tno\u015bci praktycznych niezb\u0119dnych do rozpoznawania najcz\u0119stszych i najbardziej zagra\u017caj\u0105cych chor\u00f3b i zaburze\u0144 psychicznych oraz do zaproponowania odpowiednich dzia\u0142a\u0144 terapeutycznych. Szczeg\u00f3ln\u0105 wag\u0119 przywi\u0105zujemy do nauczania diagnozowania i post\u0119powania wobec tych problem\u00f3w z zakresu zdrowia psychicznego, z kt\u00f3rymi mog\u0105 si\u0119 spotka\u0107 lekarze wielu specjalno\u015bci. Przekazujemy tak\u017ce podstawow\u0105 wiedz\u0119 na temat mechanizm\u00f3w dzia\u0142ania, objaw\u00f3w ubocznych i interakcji lek\u00f3w psychotropowych, a tak\u017ce na temat niefarmakologicznych metod leczenia. Program jest realizowany w cyklach seminari\u00f3w (32 godz) i \u0107wicze\u0144 klinicznych (48 godz). Zaj\u0119cia ko\u0144cz\u0105 si\u0119 testem sprawdzaj\u0105cym wiedz\u0119 teoretyczn\u0105 oraz egzaminem praktycznym, kt\u00f3ry ocenia umiej\u0119tno\u015bci badania psychiatrycznego, nazywania objaw\u00f3w podstawowych, rozpoznawania chor\u00f3b i zaburze\u0144 psychicznych.<\/p>\n<p>W Klinice odbywaj\u0105 si\u0119 tak\u017ce sta\u017ce specjalizacyjne z zakresu psychiatrii, psychologii klinicznej oraz szkolenia dodatkowe obowi\u0105zkowe i fakultatywne (np. dla student\u00f3w studi\u00f3w doktoranckich).<\/p>\n","protected":false},"excerpt":{"rendered":"<p>Dzia\u0142alno\u015b\u0107 edukacyjna Kliniki dotyczy kszta\u0142cenia na r\u00f3\u017cnych poziomach: przeddyplomowym dla student\u00f3w, podyplomowym w zakresie psychiatrii og\u00f3lnej, psychologii klinicznej oraz studi\u00f3w doktoranckich w zakresie psychiatrii. Program nauczania student\u00f3w VI roku Wydzia\u0142u Lekarskiego obejmuje podstawowe zagadnienia psychiatrii klinicznej. Celem nauczania jest przekazanie&#8230;<\/p>\n","protected":false},"author":2,"featured_media":0,"parent":0,"menu_order":0,"comment_status":"closed","ping_status":"closed","template":"","meta":{"footnotes":""},"class_list":["post-66","page","type-page","status-publish","hentry"],"yoast_head":"<!-- This site is optimized with the Yoast SEO plugin v27.6 - https:\/\/yoast.com\/product\/yoast-seo-wordpress\/ -->\n<title>Dydaktyka - Klinika Zaburze\u0144 Afektywnych i Psychotycznych<\/title>\n<meta name=\"robots\" content=\"index, follow, max-snippet:-1, max-image-preview:large, max-video-preview:-1\" \/>\n<link rel=\"canonical\" href=\"https:\/\/psychiatria.umed.pl\/kzap\/dydaktyka\/\" \/>\n<meta property=\"og:locale\" content=\"pl_PL\" \/>\n<meta property=\"og:type\" content=\"article\" \/>\n<meta property=\"og:title\" content=\"Dydaktyka - Klinika Zaburze\u0144 Afektywnych i Psychotycznych\" \/>\n<meta property=\"og:description\" content=\"Dzia\u0142alno\u015b\u0107 edukacyjna Kliniki dotyczy kszta\u0142cenia na r\u00f3\u017cnych poziomach: przeddyplomowym dla student\u00f3w, podyplomowym w zakresie psychiatrii og\u00f3lnej, psychologii klinicznej oraz studi\u00f3w doktoranckich w zakresie psychiatrii. Program nauczania student\u00f3w VI roku Wydzia\u0142u Lekarskiego obejmuje podstawowe zagadnienia psychiatrii klinicznej. Celem nauczania jest przekazanie...\" \/>\n<meta property=\"og:url\" content=\"https:\/\/psychiatria.umed.pl\/kzap\/dydaktyka\/\" \/>\n<meta property=\"og:site_name\" content=\"Klinika Zaburze\u0144 Afektywnych i Psychotycznych\" \/>\n<meta name=\"twitter:card\" content=\"summary_large_image\" \/>\n<meta name=\"twitter:label1\" content=\"Szacowany czas czytania\" \/>\n\t<meta name=\"twitter:data1\" content=\"1 minuta\" \/>\n<script type=\"application\/ld+json\" class=\"yoast-schema-graph\">{\"@context\":\"https:\\\/\\\/schema.org\",\"@graph\":[{\"@type\":\"WebPage\",\"@id\":\"https:\\\/\\\/psychiatria.umed.pl\\\/kzap\\\/dydaktyka\\\/\",\"url\":\"https:\\\/\\\/psychiatria.umed.pl\\\/kzap\\\/dydaktyka\\\/\",\"name\":\"Dydaktyka - Klinika Zaburze\u0144 Afektywnych i Psychotycznych\",\"isPartOf\":{\"@id\":\"https:\\\/\\\/psychiatria.umed.pl\\\/kzap\\\/#website\"},\"datePublished\":\"2021-12-07T11:48:46+00:00\",\"inLanguage\":\"pl-PL\",\"potentialAction\":[{\"@type\":\"ReadAction\",\"target\":[\"https:\\\/\\\/psychiatria.umed.pl\\\/kzap\\\/dydaktyka\\\/\"]}]},{\"@type\":\"WebSite\",\"@id\":\"https:\\\/\\\/psychiatria.umed.pl\\\/kzap\\\/#website\",\"url\":\"https:\\\/\\\/psychiatria.umed.pl\\\/kzap\\\/\",\"name\":\"Klinika Zaburze\u0144 Afektywnych i Psychotycznych\",\"description\":\"Uniwersytet Medyczny w \u0141odzi\",\"potentialAction\":[{\"@type\":\"SearchAction\",\"target\":{\"@type\":\"EntryPoint\",\"urlTemplate\":\"https:\\\/\\\/psychiatria.umed.pl\\\/kzap\\\/?s={search_term_string}\"},\"query-input\":{\"@type\":\"PropertyValueSpecification\",\"valueRequired\":true,\"valueName\":\"search_term_string\"}}],\"inLanguage\":\"pl-PL\"}]}<\/script>\n<!-- \/ Yoast SEO plugin. -->","yoast_head_json":{"title":"Dydaktyka - Klinika Zaburze\u0144 Afektywnych i Psychotycznych","robots":{"index":"index","follow":"follow","max-snippet":"max-snippet:-1","max-image-preview":"max-image-preview:large","max-video-preview":"max-video-preview:-1"},"canonical":"https:\/\/psychiatria.umed.pl\/kzap\/dydaktyka\/","og_locale":"pl_PL","og_type":"article","og_title":"Dydaktyka - Klinika Zaburze\u0144 Afektywnych i Psychotycznych","og_description":"Dzia\u0142alno\u015b\u0107 edukacyjna Kliniki dotyczy kszta\u0142cenia na r\u00f3\u017cnych poziomach: przeddyplomowym dla student\u00f3w, podyplomowym w zakresie psychiatrii og\u00f3lnej, psychologii klinicznej oraz studi\u00f3w doktoranckich w zakresie psychiatrii. Program nauczania student\u00f3w VI roku Wydzia\u0142u Lekarskiego obejmuje podstawowe zagadnienia psychiatrii klinicznej. Celem nauczania jest przekazanie...","og_url":"https:\/\/psychiatria.umed.pl\/kzap\/dydaktyka\/","og_site_name":"Klinika Zaburze\u0144 Afektywnych i Psychotycznych","twitter_card":"summary_large_image","twitter_misc":{"Szacowany czas czytania":"1 minuta"},"schema":{"@context":"https:\/\/schema.org","@graph":[{"@type":"WebPage","@id":"https:\/\/psychiatria.umed.pl\/kzap\/dydaktyka\/","url":"https:\/\/psychiatria.umed.pl\/kzap\/dydaktyka\/","name":"Dydaktyka - Klinika Zaburze\u0144 Afektywnych i Psychotycznych","isPartOf":{"@id":"https:\/\/psychiatria.umed.pl\/kzap\/#website"},"datePublished":"2021-12-07T11:48:46+00:00","inLanguage":"pl-PL","potentialAction":[{"@type":"ReadAction","target":["https:\/\/psychiatria.umed.pl\/kzap\/dydaktyka\/"]}]},{"@type":"WebSite","@id":"https:\/\/psychiatria.umed.pl\/kzap\/#website","url":"https:\/\/psychiatria.umed.pl\/kzap\/","name":"Klinika Zaburze\u0144 Afektywnych i Psychotycznych","description":"Uniwersytet Medyczny w \u0141odzi","potentialAction":[{"@type":"SearchAction","target":{"@type":"EntryPoint","urlTemplate":"https:\/\/psychiatria.umed.pl\/kzap\/?s={search_term_string}"},"query-input":{"@type":"PropertyValueSpecification","valueRequired":true,"valueName":"search_term_string"}}],"inLanguage":"pl-PL"}]}},"lang":"pl","translations":{"en":135,"pl":66},"pll_sync_post":[],"_links":{"self":[{"href":"https:\/\/psychiatria.umed.pl\/kzap\/wp-json\/wp\/v2\/pages\/66","targetHints":{"allow":["GET"]}}],"collection":[{"href":"https:\/\/psychiatria.umed.pl\/kzap\/wp-json\/wp\/v2\/pages"}],"about":[{"href":"https:\/\/psychiatria.umed.pl\/kzap\/wp-json\/wp\/v2\/types\/page"}],"author":[{"embeddable":true,"href":"https:\/\/psychiatria.umed.pl\/kzap\/wp-json\/wp\/v2\/users\/2"}],"replies":[{"embeddable":true,"href":"https:\/\/psychiatria.umed.pl\/kzap\/wp-json\/wp\/v2\/comments?post=66"}],"version-history":[{"count":1,"href":"https:\/\/psychiatria.umed.pl\/kzap\/wp-json\/wp\/v2\/pages\/66\/revisions"}],"predecessor-version":[{"id":67,"href":"https:\/\/psychiatria.umed.pl\/kzap\/wp-json\/wp\/v2\/pages\/66\/revisions\/67"}],"wp:attachment":[{"href":"https:\/\/psychiatria.umed.pl\/kzap\/wp-json\/wp\/v2\/media?parent=66"}],"curies":[{"name":"wp","href":"https:\/\/api.w.org\/{rel}","templated":true}]}}