{"id":58,"date":"2021-12-07T12:42:48","date_gmt":"2021-12-07T11:42:48","guid":{"rendered":"https:\/\/psychiatria.umed.pl\/klinika-zaburzen-afektywnych-psychotycznych\/?page_id=58"},"modified":"2022-01-10T12:44:45","modified_gmt":"2022-01-10T11:44:45","slug":"aktualnosci","status":"publish","type":"page","link":"https:\/\/psychiatria.umed.pl\/kzap\/aktualnosci\/","title":{"rendered":"Aktualno\u015bci"},"content":{"rendered":"<h2><strong>Konferencje<\/strong><\/h2>\n<p>Od 2004 roku organizujemy konferencj\u0119 z cyklu &#8222;<strong>Leczymy Dusz\u0119 i Cia\u0142o<\/strong>&#8222;. Do 17 wrze\u015bnia 2010 odby\u0142o si\u0119 ich siedem.<\/p>\n<ul>\n<li>19-20.09.<strong>2004<\/strong> <em>Terapia Schizofrenii i wsp\u00f3\u0142istniej\u0105cych zaburze\u0144 somatycznych<\/em><\/li>\n<li>14-15.10.<strong>2005 <\/strong><em>Problemy Terapeutyczne zwi\u0105zane z leczeniem depresji i wsp\u00f3\u0142istniej\u0105cych zaburze\u0144 somatycznych<\/em><\/li>\n<li>21-22.09.<strong>2006<\/strong> <em>Jak leczy\u0107 zaburzenia psychiczne w wybranych stanach i zaburzeniach hormonalnych<\/em><\/li>\n<li>20-21.09.<strong>2007 <\/strong><em>Jak radzi\u0107 sobie z objawami niepo\u017c\u0105danymi terapii lekami psychotropowymi<\/em><\/li>\n<li>18-19.<strong>2008<\/strong> <em>Niepowodzenia farmakoterapii. Przyczyny i propozycje poszerzenia mo\u017cliwo\u015bci terapeutycznych<\/em><\/li>\n<li>18.09.<strong>2009<\/strong> <em>Rola wielonienasyconych kwas\u00f3w t\u0142uszczowych w etiopatogenezie i leczeniu zaburze\u0144 psychicznych<\/em><\/li>\n<li>17.09.<strong>2010<\/strong> <em>&#8222;Depresja. Czy i jak j\u0105 leczy\u0107&#8221;, \u0141\u00f3d\u017a, 17.09.2010<\/em><\/li>\n<\/ul>\n<p>Ka\u017cda z naszych Konferencji po\u015bwi\u0119cona by\u0142a innemu zagadnieniu, zawsze jednak starali\u015bmy si\u0119 przygotowa\u0107 przegl\u0105d najnowszej wiedzy, prezentowanej przez znanych i kompetentnych wyk\u0142adowc\u00f3w.<\/p>\n<p>Konferencja zorganizowana w bie\u017c\u0105cym roku zatytu\u0142owana, <strong>&#8222;Depresja. Czy i jak j\u0105 leczy\u0107?&#8221; <\/strong>odby\u0142a si\u0119 w Instytucie Europejskim w \u0141odzi, w dniu 17.09.2010 r. Z wielu publikacji coraz wi\u0119cej wiemy o etiopatogenezie depresji, ale coraz mniej jest pewne czy ka\u017cd\u0105 depresj\u0119 trzeba leczy\u0107 farmakologicznie czy te\u017c leczy\u0107 podobnie. Z tego wzgl\u0119du, poza klasycznymi postaciami depresji, na wrze\u015bniowej Konferencji przedstawiono rozpoznawanie i post\u0119powanie w przypadku depresji w prodromie schizofrenii, depresji psychotycznej, post-psychotycznej, a tak\u017ce u dzieci i m\u0142odzie\u017cy oraz depresji wsp\u00f3\u0142istniej\u0105cej w zaburzeniach od\u017cywiania. W trakcie wyk\u0142ad\u00f3w zaprezentowano wyniki ostatnich meta-analiz, pokazuj\u0105ce jakie leki przeciwdepresyjne s\u0105 bardziej skuteczne i akceptowane przez chorych, jakie leki s\u0105 bezpieczne u pacjent\u00f3w ze wsp\u00f3\u0142istniej\u0105cymi chorobami somatycznymi i w jakiej depresji leki te s\u0105 wyra\u017anie bardziej efektywne ni\u017c placebo. Poruszono tak\u017ce problemy orzecznictwa s\u0105dowego dotycz\u0105cego chorych depresj\u0119. W Konferencji wzi\u0119li udzia\u0142, obok znanych wyk\u0142adowc\u00f3w, studenci z Ko\u0142a Psychiatrycznego &#8222;ImPuls&#8221; dzia\u0142aj\u0105cego przy naszej Klinice. Konferencj\u0119 zorganizowa\u0142a i prowadzi\u0142a pani Profesor Jolanta Rabe-Jab\u0142o\u0144ska, a w\u015br\u00f3d zaproszonych go\u015bci znale\u017ali si\u0119 prof. Janusz Rybakowski, prof. Janusz Heitzman, prof. Tomasz Wola\u0144czyk, prof. Dominika Dudek, prof. Jerzy Landowski.<\/p>\n<p>Dla wszystkich uczestnik\u00f3w i wyk\u0142adowc\u00f3w Konferencja by\u0142a okazj\u0105 do wymiany wiedzy i do\u015bwiadcze\u0144, a tak\u017ce do mi\u0142ego spotkania z kole\u017cankami i kolegami.<\/p>\n","protected":false},"excerpt":{"rendered":"<p>Konferencje Od 2004 roku organizujemy konferencj\u0119 z cyklu &#8222;Leczymy Dusz\u0119 i Cia\u0142o&#8222;. Do 17 wrze\u015bnia 2010 odby\u0142o si\u0119 ich siedem. 19-20.09.2004 Terapia Schizofrenii i wsp\u00f3\u0142istniej\u0105cych zaburze\u0144 somatycznych 14-15.10.2005 Problemy Terapeutyczne zwi\u0105zane z leczeniem depresji i wsp\u00f3\u0142istniej\u0105cych zaburze\u0144 somatycznych 21-22.09.2006 Jak&#8230;<\/p>\n","protected":false},"author":2,"featured_media":0,"parent":0,"menu_order":0,"comment_status":"closed","ping_status":"closed","template":"","meta":{"footnotes":""},"class_list":["post-58","page","type-page","status-publish","hentry"],"yoast_head":"<!-- This site is optimized with the Yoast SEO plugin v27.4 - https:\/\/yoast.com\/product\/yoast-seo-wordpress\/ -->\n<title>Aktualno\u015bci - Klinika Zaburze\u0144 Afektywnych i Psychotycznych<\/title>\n<meta name=\"robots\" content=\"index, follow, max-snippet:-1, max-image-preview:large, max-video-preview:-1\" \/>\n<link rel=\"canonical\" href=\"https:\/\/psychiatria.umed.pl\/kzap\/aktualnosci\/\" \/>\n<meta property=\"og:locale\" content=\"pl_PL\" \/>\n<meta property=\"og:type\" content=\"article\" \/>\n<meta property=\"og:title\" content=\"Aktualno\u015bci - Klinika Zaburze\u0144 Afektywnych i Psychotycznych\" \/>\n<meta property=\"og:description\" content=\"Konferencje Od 2004 roku organizujemy konferencj\u0119 z cyklu &#8222;Leczymy Dusz\u0119 i Cia\u0142o&#8222;. Do 17 wrze\u015bnia 2010 odby\u0142o si\u0119 ich siedem. 19-20.09.2004 Terapia Schizofrenii i wsp\u00f3\u0142istniej\u0105cych zaburze\u0144 somatycznych 14-15.10.2005 Problemy Terapeutyczne zwi\u0105zane z leczeniem depresji i wsp\u00f3\u0142istniej\u0105cych zaburze\u0144 somatycznych 21-22.09.2006 Jak...\" \/>\n<meta property=\"og:url\" content=\"https:\/\/psychiatria.umed.pl\/kzap\/aktualnosci\/\" \/>\n<meta property=\"og:site_name\" content=\"Klinika Zaburze\u0144 Afektywnych i Psychotycznych\" \/>\n<meta property=\"article:modified_time\" content=\"2022-01-10T11:44:45+00:00\" \/>\n<meta name=\"twitter:card\" content=\"summary_large_image\" \/>\n<meta name=\"twitter:label1\" content=\"Szacowany czas czytania\" \/>\n\t<meta name=\"twitter:data1\" content=\"2 minuty\" \/>\n<script type=\"application\/ld+json\" class=\"yoast-schema-graph\">{\"@context\":\"https:\\\/\\\/schema.org\",\"@graph\":[{\"@type\":\"WebPage\",\"@id\":\"https:\\\/\\\/psychiatria.umed.pl\\\/kzap\\\/aktualnosci\\\/\",\"url\":\"https:\\\/\\\/psychiatria.umed.pl\\\/kzap\\\/aktualnosci\\\/\",\"name\":\"Aktualno\u015bci - Klinika Zaburze\u0144 Afektywnych i Psychotycznych\",\"isPartOf\":{\"@id\":\"https:\\\/\\\/psychiatria.umed.pl\\\/kzap\\\/#website\"},\"datePublished\":\"2021-12-07T11:42:48+00:00\",\"dateModified\":\"2022-01-10T11:44:45+00:00\",\"inLanguage\":\"pl-PL\",\"potentialAction\":[{\"@type\":\"ReadAction\",\"target\":[\"https:\\\/\\\/psychiatria.umed.pl\\\/kzap\\\/aktualnosci\\\/\"]}]},{\"@type\":\"WebSite\",\"@id\":\"https:\\\/\\\/psychiatria.umed.pl\\\/kzap\\\/#website\",\"url\":\"https:\\\/\\\/psychiatria.umed.pl\\\/kzap\\\/\",\"name\":\"Klinika Zaburze\u0144 Afektywnych i Psychotycznych\",\"description\":\"Uniwersytet Medyczny w \u0141odzi\",\"potentialAction\":[{\"@type\":\"SearchAction\",\"target\":{\"@type\":\"EntryPoint\",\"urlTemplate\":\"https:\\\/\\\/psychiatria.umed.pl\\\/kzap\\\/?s={search_term_string}\"},\"query-input\":{\"@type\":\"PropertyValueSpecification\",\"valueRequired\":true,\"valueName\":\"search_term_string\"}}],\"inLanguage\":\"pl-PL\"}]}<\/script>\n<!-- \/ Yoast SEO plugin. -->","yoast_head_json":{"title":"Aktualno\u015bci - Klinika Zaburze\u0144 Afektywnych i Psychotycznych","robots":{"index":"index","follow":"follow","max-snippet":"max-snippet:-1","max-image-preview":"max-image-preview:large","max-video-preview":"max-video-preview:-1"},"canonical":"https:\/\/psychiatria.umed.pl\/kzap\/aktualnosci\/","og_locale":"pl_PL","og_type":"article","og_title":"Aktualno\u015bci - Klinika Zaburze\u0144 Afektywnych i Psychotycznych","og_description":"Konferencje Od 2004 roku organizujemy konferencj\u0119 z cyklu &#8222;Leczymy Dusz\u0119 i Cia\u0142o&#8222;. Do 17 wrze\u015bnia 2010 odby\u0142o si\u0119 ich siedem. 19-20.09.2004 Terapia Schizofrenii i wsp\u00f3\u0142istniej\u0105cych zaburze\u0144 somatycznych 14-15.10.2005 Problemy Terapeutyczne zwi\u0105zane z leczeniem depresji i wsp\u00f3\u0142istniej\u0105cych zaburze\u0144 somatycznych 21-22.09.2006 Jak...","og_url":"https:\/\/psychiatria.umed.pl\/kzap\/aktualnosci\/","og_site_name":"Klinika Zaburze\u0144 Afektywnych i Psychotycznych","article_modified_time":"2022-01-10T11:44:45+00:00","twitter_card":"summary_large_image","twitter_misc":{"Szacowany czas czytania":"2 minuty"},"schema":{"@context":"https:\/\/schema.org","@graph":[{"@type":"WebPage","@id":"https:\/\/psychiatria.umed.pl\/kzap\/aktualnosci\/","url":"https:\/\/psychiatria.umed.pl\/kzap\/aktualnosci\/","name":"Aktualno\u015bci - Klinika Zaburze\u0144 Afektywnych i Psychotycznych","isPartOf":{"@id":"https:\/\/psychiatria.umed.pl\/kzap\/#website"},"datePublished":"2021-12-07T11:42:48+00:00","dateModified":"2022-01-10T11:44:45+00:00","inLanguage":"pl-PL","potentialAction":[{"@type":"ReadAction","target":["https:\/\/psychiatria.umed.pl\/kzap\/aktualnosci\/"]}]},{"@type":"WebSite","@id":"https:\/\/psychiatria.umed.pl\/kzap\/#website","url":"https:\/\/psychiatria.umed.pl\/kzap\/","name":"Klinika Zaburze\u0144 Afektywnych i Psychotycznych","description":"Uniwersytet Medyczny w \u0141odzi","potentialAction":[{"@type":"SearchAction","target":{"@type":"EntryPoint","urlTemplate":"https:\/\/psychiatria.umed.pl\/kzap\/?s={search_term_string}"},"query-input":{"@type":"PropertyValueSpecification","valueRequired":true,"valueName":"search_term_string"}}],"inLanguage":"pl-PL"}]}},"lang":"pl","translations":{"pl":58},"pll_sync_post":[],"_links":{"self":[{"href":"https:\/\/psychiatria.umed.pl\/kzap\/wp-json\/wp\/v2\/pages\/58","targetHints":{"allow":["GET"]}}],"collection":[{"href":"https:\/\/psychiatria.umed.pl\/kzap\/wp-json\/wp\/v2\/pages"}],"about":[{"href":"https:\/\/psychiatria.umed.pl\/kzap\/wp-json\/wp\/v2\/types\/page"}],"author":[{"embeddable":true,"href":"https:\/\/psychiatria.umed.pl\/kzap\/wp-json\/wp\/v2\/users\/2"}],"replies":[{"embeddable":true,"href":"https:\/\/psychiatria.umed.pl\/kzap\/wp-json\/wp\/v2\/comments?post=58"}],"version-history":[{"count":9,"href":"https:\/\/psychiatria.umed.pl\/kzap\/wp-json\/wp\/v2\/pages\/58\/revisions"}],"predecessor-version":[{"id":167,"href":"https:\/\/psychiatria.umed.pl\/kzap\/wp-json\/wp\/v2\/pages\/58\/revisions\/167"}],"wp:attachment":[{"href":"https:\/\/psychiatria.umed.pl\/kzap\/wp-json\/wp\/v2\/media?parent=58"}],"curies":[{"name":"wp","href":"https:\/\/api.w.org\/{rel}","templated":true}]}}