{"id":56,"date":"2021-12-07T12:32:47","date_gmt":"2021-12-07T11:32:47","guid":{"rendered":"https:\/\/psychiatria.umed.pl\/klinika-zaburzen-afektywnych-psychotycznych\/?page_id=56"},"modified":"2021-12-20T09:08:48","modified_gmt":"2021-12-20T08:08:48","slug":"kolo-naukowe","status":"publish","type":"page","link":"https:\/\/psychiatria.umed.pl\/kzap\/kolo-naukowe\/","title":{"rendered":"Ko\u0142o naukowe"},"content":{"rendered":"<p>Jeste\u015bmy Studenckim Ko\u0142em Naukowym przy Klinice Zaburze\u0144 Afektywnych i Psychotycznych Uniwersytetu Medycznego w \u0141odzi. Do kr\u0119gu naszych g\u0142\u00f3wnych zainteresowa\u0144 nale\u017c\u0105 szczeg\u00f3lnie tematy z zakresu nutripsychiatrii, obszar\u00f3w wsp\u00f3lnych zaburze\u0144 psychicznych i chor\u00f3b somatycznych oraz psychiatrii okresu oko\u0142oporodowego. W\u00a0ramach ko\u0142a studenci zainteresowani psychiatri\u0105 mog\u0105 ucz\u0119szcza\u0107 na zaj\u0119cia praktyczne w szpitalu, prowadzi\u0107 badania naukowe i poszerza\u0107 swoja wiedz\u0119 na spotkaniach ko\u0142a.<\/p>\n<p>Terminy spotka\u0144\u00a0s\u0105 na bie\u017c\u0105co aktualizowane na stronie ko\u0142a na Facebooku\u00a0<a href=\"https:\/\/www.facebook.com\/psychiatria.holistyczna\">https:\/\/www.facebook.com\/psychiatria.holistyczna<\/a>\u00a0.<\/p>\n<p>Opiekunka ko\u0142a: dr Oliwia Gawlik-Kotelnicka: <a href=\"mailto:oliwia.gawlik@umed.lodz.pl\">oliwia.gawlik@umed.lodz.pl<\/a><\/p>\n<p>Przewodnicz\u0105ca ko\u0142a: Agata Gajewska: <a href=\"mailto:agata.gajewska@stud.umed.lodz.pl\">agata.gajewska@stud.umed.lodz.pl<\/a><\/p>\n<p>&nbsp;<\/p>\n","protected":false},"excerpt":{"rendered":"<p>Jeste\u015bmy Studenckim Ko\u0142em Naukowym przy Klinice Zaburze\u0144 Afektywnych i Psychotycznych Uniwersytetu Medycznego w \u0141odzi. Do kr\u0119gu naszych g\u0142\u00f3wnych zainteresowa\u0144 nale\u017c\u0105 szczeg\u00f3lnie tematy z zakresu nutripsychiatrii, obszar\u00f3w wsp\u00f3lnych zaburze\u0144 psychicznych i chor\u00f3b somatycznych oraz psychiatrii okresu oko\u0142oporodowego. W\u00a0ramach ko\u0142a studenci zainteresowani&#8230;<\/p>\n","protected":false},"author":2,"featured_media":0,"parent":0,"menu_order":0,"comment_status":"closed","ping_status":"closed","template":"","meta":{"footnotes":""},"class_list":["post-56","page","type-page","status-publish","hentry"],"yoast_head":"<!-- This site is optimized with the Yoast SEO plugin v27.4 - https:\/\/yoast.com\/product\/yoast-seo-wordpress\/ -->\n<title>Ko\u0142o naukowe - Klinika Zaburze\u0144 Afektywnych i Psychotycznych<\/title>\n<meta name=\"robots\" content=\"index, follow, max-snippet:-1, max-image-preview:large, max-video-preview:-1\" \/>\n<link rel=\"canonical\" href=\"https:\/\/psychiatria.umed.pl\/kzap\/kolo-naukowe\/\" \/>\n<meta property=\"og:locale\" content=\"pl_PL\" \/>\n<meta property=\"og:type\" content=\"article\" \/>\n<meta property=\"og:title\" content=\"Ko\u0142o naukowe - Klinika Zaburze\u0144 Afektywnych i Psychotycznych\" \/>\n<meta property=\"og:description\" content=\"Jeste\u015bmy Studenckim Ko\u0142em Naukowym przy Klinice Zaburze\u0144 Afektywnych i Psychotycznych Uniwersytetu Medycznego w \u0141odzi. Do kr\u0119gu naszych g\u0142\u00f3wnych zainteresowa\u0144 nale\u017c\u0105 szczeg\u00f3lnie tematy z zakresu nutripsychiatrii, obszar\u00f3w wsp\u00f3lnych zaburze\u0144 psychicznych i chor\u00f3b somatycznych oraz psychiatrii okresu oko\u0142oporodowego. W\u00a0ramach ko\u0142a studenci zainteresowani...\" \/>\n<meta property=\"og:url\" content=\"https:\/\/psychiatria.umed.pl\/kzap\/kolo-naukowe\/\" \/>\n<meta property=\"og:site_name\" content=\"Klinika Zaburze\u0144 Afektywnych i Psychotycznych\" \/>\n<meta property=\"article:modified_time\" content=\"2021-12-20T08:08:48+00:00\" \/>\n<meta name=\"twitter:card\" content=\"summary_large_image\" \/>\n<meta name=\"twitter:label1\" content=\"Szacowany czas czytania\" \/>\n\t<meta name=\"twitter:data1\" content=\"1 minuta\" \/>\n<script type=\"application\/ld+json\" class=\"yoast-schema-graph\">{\"@context\":\"https:\\\/\\\/schema.org\",\"@graph\":[{\"@type\":\"WebPage\",\"@id\":\"https:\\\/\\\/psychiatria.umed.pl\\\/kzap\\\/kolo-naukowe\\\/\",\"url\":\"https:\\\/\\\/psychiatria.umed.pl\\\/kzap\\\/kolo-naukowe\\\/\",\"name\":\"Ko\u0142o naukowe - Klinika Zaburze\u0144 Afektywnych i Psychotycznych\",\"isPartOf\":{\"@id\":\"https:\\\/\\\/psychiatria.umed.pl\\\/kzap\\\/#website\"},\"datePublished\":\"2021-12-07T11:32:47+00:00\",\"dateModified\":\"2021-12-20T08:08:48+00:00\",\"inLanguage\":\"pl-PL\",\"potentialAction\":[{\"@type\":\"ReadAction\",\"target\":[\"https:\\\/\\\/psychiatria.umed.pl\\\/kzap\\\/kolo-naukowe\\\/\"]}]},{\"@type\":\"WebSite\",\"@id\":\"https:\\\/\\\/psychiatria.umed.pl\\\/kzap\\\/#website\",\"url\":\"https:\\\/\\\/psychiatria.umed.pl\\\/kzap\\\/\",\"name\":\"Klinika Zaburze\u0144 Afektywnych i Psychotycznych\",\"description\":\"Uniwersytet Medyczny w \u0141odzi\",\"potentialAction\":[{\"@type\":\"SearchAction\",\"target\":{\"@type\":\"EntryPoint\",\"urlTemplate\":\"https:\\\/\\\/psychiatria.umed.pl\\\/kzap\\\/?s={search_term_string}\"},\"query-input\":{\"@type\":\"PropertyValueSpecification\",\"valueRequired\":true,\"valueName\":\"search_term_string\"}}],\"inLanguage\":\"pl-PL\"}]}<\/script>\n<!-- \/ Yoast SEO plugin. -->","yoast_head_json":{"title":"Ko\u0142o naukowe - Klinika Zaburze\u0144 Afektywnych i Psychotycznych","robots":{"index":"index","follow":"follow","max-snippet":"max-snippet:-1","max-image-preview":"max-image-preview:large","max-video-preview":"max-video-preview:-1"},"canonical":"https:\/\/psychiatria.umed.pl\/kzap\/kolo-naukowe\/","og_locale":"pl_PL","og_type":"article","og_title":"Ko\u0142o naukowe - Klinika Zaburze\u0144 Afektywnych i Psychotycznych","og_description":"Jeste\u015bmy Studenckim Ko\u0142em Naukowym przy Klinice Zaburze\u0144 Afektywnych i Psychotycznych Uniwersytetu Medycznego w \u0141odzi. Do kr\u0119gu naszych g\u0142\u00f3wnych zainteresowa\u0144 nale\u017c\u0105 szczeg\u00f3lnie tematy z zakresu nutripsychiatrii, obszar\u00f3w wsp\u00f3lnych zaburze\u0144 psychicznych i chor\u00f3b somatycznych oraz psychiatrii okresu oko\u0142oporodowego. W\u00a0ramach ko\u0142a studenci zainteresowani...","og_url":"https:\/\/psychiatria.umed.pl\/kzap\/kolo-naukowe\/","og_site_name":"Klinika Zaburze\u0144 Afektywnych i Psychotycznych","article_modified_time":"2021-12-20T08:08:48+00:00","twitter_card":"summary_large_image","twitter_misc":{"Szacowany czas czytania":"1 minuta"},"schema":{"@context":"https:\/\/schema.org","@graph":[{"@type":"WebPage","@id":"https:\/\/psychiatria.umed.pl\/kzap\/kolo-naukowe\/","url":"https:\/\/psychiatria.umed.pl\/kzap\/kolo-naukowe\/","name":"Ko\u0142o naukowe - Klinika Zaburze\u0144 Afektywnych i Psychotycznych","isPartOf":{"@id":"https:\/\/psychiatria.umed.pl\/kzap\/#website"},"datePublished":"2021-12-07T11:32:47+00:00","dateModified":"2021-12-20T08:08:48+00:00","inLanguage":"pl-PL","potentialAction":[{"@type":"ReadAction","target":["https:\/\/psychiatria.umed.pl\/kzap\/kolo-naukowe\/"]}]},{"@type":"WebSite","@id":"https:\/\/psychiatria.umed.pl\/kzap\/#website","url":"https:\/\/psychiatria.umed.pl\/kzap\/","name":"Klinika Zaburze\u0144 Afektywnych i Psychotycznych","description":"Uniwersytet Medyczny w \u0141odzi","potentialAction":[{"@type":"SearchAction","target":{"@type":"EntryPoint","urlTemplate":"https:\/\/psychiatria.umed.pl\/kzap\/?s={search_term_string}"},"query-input":{"@type":"PropertyValueSpecification","valueRequired":true,"valueName":"search_term_string"}}],"inLanguage":"pl-PL"}]}},"lang":"pl","translations":{"pl":56},"pll_sync_post":[],"_links":{"self":[{"href":"https:\/\/psychiatria.umed.pl\/kzap\/wp-json\/wp\/v2\/pages\/56","targetHints":{"allow":["GET"]}}],"collection":[{"href":"https:\/\/psychiatria.umed.pl\/kzap\/wp-json\/wp\/v2\/pages"}],"about":[{"href":"https:\/\/psychiatria.umed.pl\/kzap\/wp-json\/wp\/v2\/types\/page"}],"author":[{"embeddable":true,"href":"https:\/\/psychiatria.umed.pl\/kzap\/wp-json\/wp\/v2\/users\/2"}],"replies":[{"embeddable":true,"href":"https:\/\/psychiatria.umed.pl\/kzap\/wp-json\/wp\/v2\/comments?post=56"}],"version-history":[{"count":2,"href":"https:\/\/psychiatria.umed.pl\/kzap\/wp-json\/wp\/v2\/pages\/56\/revisions"}],"predecessor-version":[{"id":165,"href":"https:\/\/psychiatria.umed.pl\/kzap\/wp-json\/wp\/v2\/pages\/56\/revisions\/165"}],"wp:attachment":[{"href":"https:\/\/psychiatria.umed.pl\/kzap\/wp-json\/wp\/v2\/media?parent=56"}],"curies":[{"name":"wp","href":"https:\/\/api.w.org\/{rel}","templated":true}]}}