{"id":47,"date":"2021-12-07T12:25:24","date_gmt":"2021-12-07T11:25:24","guid":{"rendered":"https:\/\/psychiatria.umed.pl\/klinika-zaburzen-afektywnych-psychotycznych\/?page_id=47"},"modified":"2021-12-07T12:25:24","modified_gmt":"2021-12-07T11:25:24","slug":"dzialalnosc-kliniczna","status":"publish","type":"page","link":"https:\/\/psychiatria.umed.pl\/kzap\/dzialalnosc-kliniczna\/","title":{"rendered":"Dzia\u0142alno\u015b\u0107 kliniczna"},"content":{"rendered":"<p>Pracownicy Kliniki Zaburze\u0144 Afektywnych i Psychotycznych integruj\u0105 aktualn\u0105 wiedz\u0119 naukow\u0105 z psychiatri\u0105 kliniczn\u0105 opart\u0105 na dowodach (EBM). Pracuj\u0105 na Oddziale Zaburze\u0144 Afektywnych, Diagnostyczno-Obserwacyjnym oraz w Poradni Przyklinicznej CSK. S\u0105 konsultantami na innych oddzia\u0142ach, bezpo\u015brednio niezajmuj\u0105cych si\u0119 leczeniem chor\u00f3b psychicznych. Obszary konsultacji obejmuj\u0105 psychiatri\u0119 konsultacyjn\u0105, grupy w stanie ryzyka rozwoju psychozy, zaburzenia od\u017cywiania, diagnoz\u0119 neuropsychologiczn\u0105 oraz orzeczenia s\u0105dowe.<\/p>\n","protected":false},"excerpt":{"rendered":"<p>Pracownicy Kliniki Zaburze\u0144 Afektywnych i Psychotycznych integruj\u0105 aktualn\u0105 wiedz\u0119 naukow\u0105 z psychiatri\u0105 kliniczn\u0105 opart\u0105 na dowodach (EBM). Pracuj\u0105 na Oddziale Zaburze\u0144 Afektywnych, Diagnostyczno-Obserwacyjnym oraz w Poradni Przyklinicznej CSK. S\u0105 konsultantami na innych oddzia\u0142ach, bezpo\u015brednio niezajmuj\u0105cych si\u0119 leczeniem chor\u00f3b psychicznych. Obszary&#8230;<\/p>\n","protected":false},"author":2,"featured_media":0,"parent":0,"menu_order":0,"comment_status":"closed","ping_status":"closed","template":"","meta":{"footnotes":""},"class_list":["post-47","page","type-page","status-publish","hentry"],"yoast_head":"<!-- This site is optimized with the Yoast SEO plugin v27.4 - https:\/\/yoast.com\/product\/yoast-seo-wordpress\/ -->\n<title>Dzia\u0142alno\u015b\u0107 kliniczna - Klinika Zaburze\u0144 Afektywnych i Psychotycznych<\/title>\n<meta name=\"robots\" content=\"index, follow, max-snippet:-1, max-image-preview:large, max-video-preview:-1\" \/>\n<link rel=\"canonical\" href=\"https:\/\/psychiatria.umed.pl\/kzap\/dzialalnosc-kliniczna\/\" \/>\n<meta property=\"og:locale\" content=\"pl_PL\" \/>\n<meta property=\"og:type\" content=\"article\" \/>\n<meta property=\"og:title\" content=\"Dzia\u0142alno\u015b\u0107 kliniczna - Klinika Zaburze\u0144 Afektywnych i Psychotycznych\" \/>\n<meta property=\"og:description\" content=\"Pracownicy Kliniki Zaburze\u0144 Afektywnych i Psychotycznych integruj\u0105 aktualn\u0105 wiedz\u0119 naukow\u0105 z psychiatri\u0105 kliniczn\u0105 opart\u0105 na dowodach (EBM). Pracuj\u0105 na Oddziale Zaburze\u0144 Afektywnych, Diagnostyczno-Obserwacyjnym oraz w Poradni Przyklinicznej CSK. S\u0105 konsultantami na innych oddzia\u0142ach, bezpo\u015brednio niezajmuj\u0105cych si\u0119 leczeniem chor\u00f3b psychicznych. Obszary...\" \/>\n<meta property=\"og:url\" content=\"https:\/\/psychiatria.umed.pl\/kzap\/dzialalnosc-kliniczna\/\" \/>\n<meta property=\"og:site_name\" content=\"Klinika Zaburze\u0144 Afektywnych i Psychotycznych\" \/>\n<meta name=\"twitter:card\" content=\"summary_large_image\" \/>\n<script type=\"application\/ld+json\" class=\"yoast-schema-graph\">{\"@context\":\"https:\\\/\\\/schema.org\",\"@graph\":[{\"@type\":\"WebPage\",\"@id\":\"https:\\\/\\\/psychiatria.umed.pl\\\/kzap\\\/dzialalnosc-kliniczna\\\/\",\"url\":\"https:\\\/\\\/psychiatria.umed.pl\\\/kzap\\\/dzialalnosc-kliniczna\\\/\",\"name\":\"Dzia\u0142alno\u015b\u0107 kliniczna - Klinika Zaburze\u0144 Afektywnych i Psychotycznych\",\"isPartOf\":{\"@id\":\"https:\\\/\\\/psychiatria.umed.pl\\\/kzap\\\/#website\"},\"datePublished\":\"2021-12-07T11:25:24+00:00\",\"inLanguage\":\"pl-PL\",\"potentialAction\":[{\"@type\":\"ReadAction\",\"target\":[\"https:\\\/\\\/psychiatria.umed.pl\\\/kzap\\\/dzialalnosc-kliniczna\\\/\"]}]},{\"@type\":\"WebSite\",\"@id\":\"https:\\\/\\\/psychiatria.umed.pl\\\/kzap\\\/#website\",\"url\":\"https:\\\/\\\/psychiatria.umed.pl\\\/kzap\\\/\",\"name\":\"Klinika Zaburze\u0144 Afektywnych i Psychotycznych\",\"description\":\"Uniwersytet Medyczny w \u0141odzi\",\"potentialAction\":[{\"@type\":\"SearchAction\",\"target\":{\"@type\":\"EntryPoint\",\"urlTemplate\":\"https:\\\/\\\/psychiatria.umed.pl\\\/kzap\\\/?s={search_term_string}\"},\"query-input\":{\"@type\":\"PropertyValueSpecification\",\"valueRequired\":true,\"valueName\":\"search_term_string\"}}],\"inLanguage\":\"pl-PL\"}]}<\/script>\n<!-- \/ Yoast SEO plugin. -->","yoast_head_json":{"title":"Dzia\u0142alno\u015b\u0107 kliniczna - Klinika Zaburze\u0144 Afektywnych i Psychotycznych","robots":{"index":"index","follow":"follow","max-snippet":"max-snippet:-1","max-image-preview":"max-image-preview:large","max-video-preview":"max-video-preview:-1"},"canonical":"https:\/\/psychiatria.umed.pl\/kzap\/dzialalnosc-kliniczna\/","og_locale":"pl_PL","og_type":"article","og_title":"Dzia\u0142alno\u015b\u0107 kliniczna - Klinika Zaburze\u0144 Afektywnych i Psychotycznych","og_description":"Pracownicy Kliniki Zaburze\u0144 Afektywnych i Psychotycznych integruj\u0105 aktualn\u0105 wiedz\u0119 naukow\u0105 z psychiatri\u0105 kliniczn\u0105 opart\u0105 na dowodach (EBM). Pracuj\u0105 na Oddziale Zaburze\u0144 Afektywnych, Diagnostyczno-Obserwacyjnym oraz w Poradni Przyklinicznej CSK. S\u0105 konsultantami na innych oddzia\u0142ach, bezpo\u015brednio niezajmuj\u0105cych si\u0119 leczeniem chor\u00f3b psychicznych. Obszary...","og_url":"https:\/\/psychiatria.umed.pl\/kzap\/dzialalnosc-kliniczna\/","og_site_name":"Klinika Zaburze\u0144 Afektywnych i Psychotycznych","twitter_card":"summary_large_image","schema":{"@context":"https:\/\/schema.org","@graph":[{"@type":"WebPage","@id":"https:\/\/psychiatria.umed.pl\/kzap\/dzialalnosc-kliniczna\/","url":"https:\/\/psychiatria.umed.pl\/kzap\/dzialalnosc-kliniczna\/","name":"Dzia\u0142alno\u015b\u0107 kliniczna - Klinika Zaburze\u0144 Afektywnych i Psychotycznych","isPartOf":{"@id":"https:\/\/psychiatria.umed.pl\/kzap\/#website"},"datePublished":"2021-12-07T11:25:24+00:00","inLanguage":"pl-PL","potentialAction":[{"@type":"ReadAction","target":["https:\/\/psychiatria.umed.pl\/kzap\/dzialalnosc-kliniczna\/"]}]},{"@type":"WebSite","@id":"https:\/\/psychiatria.umed.pl\/kzap\/#website","url":"https:\/\/psychiatria.umed.pl\/kzap\/","name":"Klinika Zaburze\u0144 Afektywnych i Psychotycznych","description":"Uniwersytet Medyczny w \u0141odzi","potentialAction":[{"@type":"SearchAction","target":{"@type":"EntryPoint","urlTemplate":"https:\/\/psychiatria.umed.pl\/kzap\/?s={search_term_string}"},"query-input":{"@type":"PropertyValueSpecification","valueRequired":true,"valueName":"search_term_string"}}],"inLanguage":"pl-PL"}]}},"lang":"pl","translations":{"en":131,"pl":47},"pll_sync_post":[],"_links":{"self":[{"href":"https:\/\/psychiatria.umed.pl\/kzap\/wp-json\/wp\/v2\/pages\/47","targetHints":{"allow":["GET"]}}],"collection":[{"href":"https:\/\/psychiatria.umed.pl\/kzap\/wp-json\/wp\/v2\/pages"}],"about":[{"href":"https:\/\/psychiatria.umed.pl\/kzap\/wp-json\/wp\/v2\/types\/page"}],"author":[{"embeddable":true,"href":"https:\/\/psychiatria.umed.pl\/kzap\/wp-json\/wp\/v2\/users\/2"}],"replies":[{"embeddable":true,"href":"https:\/\/psychiatria.umed.pl\/kzap\/wp-json\/wp\/v2\/comments?post=47"}],"version-history":[{"count":1,"href":"https:\/\/psychiatria.umed.pl\/kzap\/wp-json\/wp\/v2\/pages\/47\/revisions"}],"predecessor-version":[{"id":48,"href":"https:\/\/psychiatria.umed.pl\/kzap\/wp-json\/wp\/v2\/pages\/47\/revisions\/48"}],"wp:attachment":[{"href":"https:\/\/psychiatria.umed.pl\/kzap\/wp-json\/wp\/v2\/media?parent=47"}],"curies":[{"name":"wp","href":"https:\/\/api.w.org\/{rel}","templated":true}]}}