{"id":44,"date":"2021-12-07T12:25:03","date_gmt":"2021-12-07T11:25:03","guid":{"rendered":"https:\/\/psychiatria.umed.pl\/klinika-zaburzen-afektywnych-psychotycznych\/?page_id=44"},"modified":"2021-12-07T12:25:03","modified_gmt":"2021-12-07T11:25:03","slug":"dzialalnosc-badawcza","status":"publish","type":"page","link":"https:\/\/psychiatria.umed.pl\/kzap\/dzialalnosc-badawcza\/","title":{"rendered":"Dzia\u0142alno\u015b\u0107 badawcza"},"content":{"rendered":"<p>Dzia\u0142alno\u015b\u0107 badawcza kliniki dotyczy tzw. grup ryzyka rozwoju psychozy, etiopatogenezy i leczenia schizofrenii (szczeg\u00f3lnie wczesnej psychozy) oraz zaburze\u0144 afektywnych. G\u0142\u00f3wne obszary naszych zainteresowa\u0144 to:<\/p>\n<ul>\n<li>\u00a0Rola stresu oksydacyjnego w etiopatogenezie schizofrenii<\/li>\n<li>Wp\u0142yw lek\u00f3w przeciwpsychotycznych na stres oksydacyjny<\/li>\n<li>Zaburzenia w istocie bia\u0142ej u os\u00f3b ze wczesna psychoz\u0105<\/li>\n<li>Rola wielonienasyconych kwas\u00f3w t\u0142uszczowych omega 3 w etiopatogenezie i leczeniu schizofrenii<\/li>\n<li>Rola agonist\u00f3w dopaminergicznych w leczeniu schizofrenii z dominuj\u0105cymi objawami negatywnymi<\/li>\n<li>Stan ryzyka rozwoju psychozy. Przyczyny przej\u015bcia\u00a0 tego stanu w pe\u0142noobjawow\u0105 psychoz\u0119<\/li>\n<li>Markery schizofrenii<\/li>\n<\/ul>\n<p>Uzyskali\u015bmy 7 grant\u00f3w badawczych MNiSW<\/p>\n","protected":false},"excerpt":{"rendered":"<p>Dzia\u0142alno\u015b\u0107 badawcza kliniki dotyczy tzw. grup ryzyka rozwoju psychozy, etiopatogenezy i leczenia schizofrenii (szczeg\u00f3lnie wczesnej psychozy) oraz zaburze\u0144 afektywnych. G\u0142\u00f3wne obszary naszych zainteresowa\u0144 to: \u00a0Rola stresu oksydacyjnego w etiopatogenezie schizofrenii Wp\u0142yw lek\u00f3w przeciwpsychotycznych na stres oksydacyjny Zaburzenia w istocie bia\u0142ej&#8230;<\/p>\n","protected":false},"author":2,"featured_media":0,"parent":0,"menu_order":0,"comment_status":"closed","ping_status":"closed","template":"","meta":{"footnotes":""},"class_list":["post-44","page","type-page","status-publish","hentry"],"yoast_head":"<!-- This site is optimized with the Yoast SEO plugin v27.5 - https:\/\/yoast.com\/product\/yoast-seo-wordpress\/ -->\n<title>Dzia\u0142alno\u015b\u0107 badawcza - Klinika Zaburze\u0144 Afektywnych i Psychotycznych<\/title>\n<meta name=\"robots\" content=\"index, follow, max-snippet:-1, max-image-preview:large, max-video-preview:-1\" \/>\n<link rel=\"canonical\" href=\"https:\/\/psychiatria.umed.pl\/kzap\/dzialalnosc-badawcza\/\" \/>\n<meta property=\"og:locale\" content=\"pl_PL\" \/>\n<meta property=\"og:type\" content=\"article\" \/>\n<meta property=\"og:title\" content=\"Dzia\u0142alno\u015b\u0107 badawcza - Klinika Zaburze\u0144 Afektywnych i Psychotycznych\" \/>\n<meta property=\"og:description\" content=\"Dzia\u0142alno\u015b\u0107 badawcza kliniki dotyczy tzw. grup ryzyka rozwoju psychozy, etiopatogenezy i leczenia schizofrenii (szczeg\u00f3lnie wczesnej psychozy) oraz zaburze\u0144 afektywnych. G\u0142\u00f3wne obszary naszych zainteresowa\u0144 to: \u00a0Rola stresu oksydacyjnego w etiopatogenezie schizofrenii Wp\u0142yw lek\u00f3w przeciwpsychotycznych na stres oksydacyjny Zaburzenia w istocie bia\u0142ej...\" \/>\n<meta property=\"og:url\" content=\"https:\/\/psychiatria.umed.pl\/kzap\/dzialalnosc-badawcza\/\" \/>\n<meta property=\"og:site_name\" content=\"Klinika Zaburze\u0144 Afektywnych i Psychotycznych\" \/>\n<meta name=\"twitter:card\" content=\"summary_large_image\" \/>\n<script type=\"application\/ld+json\" class=\"yoast-schema-graph\">{\"@context\":\"https:\\\/\\\/schema.org\",\"@graph\":[{\"@type\":\"WebPage\",\"@id\":\"https:\\\/\\\/psychiatria.umed.pl\\\/kzap\\\/dzialalnosc-badawcza\\\/\",\"url\":\"https:\\\/\\\/psychiatria.umed.pl\\\/kzap\\\/dzialalnosc-badawcza\\\/\",\"name\":\"Dzia\u0142alno\u015b\u0107 badawcza - Klinika Zaburze\u0144 Afektywnych i Psychotycznych\",\"isPartOf\":{\"@id\":\"https:\\\/\\\/psychiatria.umed.pl\\\/kzap\\\/#website\"},\"datePublished\":\"2021-12-07T11:25:03+00:00\",\"inLanguage\":\"pl-PL\",\"potentialAction\":[{\"@type\":\"ReadAction\",\"target\":[\"https:\\\/\\\/psychiatria.umed.pl\\\/kzap\\\/dzialalnosc-badawcza\\\/\"]}]},{\"@type\":\"WebSite\",\"@id\":\"https:\\\/\\\/psychiatria.umed.pl\\\/kzap\\\/#website\",\"url\":\"https:\\\/\\\/psychiatria.umed.pl\\\/kzap\\\/\",\"name\":\"Klinika Zaburze\u0144 Afektywnych i Psychotycznych\",\"description\":\"Uniwersytet Medyczny w \u0141odzi\",\"potentialAction\":[{\"@type\":\"SearchAction\",\"target\":{\"@type\":\"EntryPoint\",\"urlTemplate\":\"https:\\\/\\\/psychiatria.umed.pl\\\/kzap\\\/?s={search_term_string}\"},\"query-input\":{\"@type\":\"PropertyValueSpecification\",\"valueRequired\":true,\"valueName\":\"search_term_string\"}}],\"inLanguage\":\"pl-PL\"}]}<\/script>\n<!-- \/ Yoast SEO plugin. -->","yoast_head_json":{"title":"Dzia\u0142alno\u015b\u0107 badawcza - Klinika Zaburze\u0144 Afektywnych i Psychotycznych","robots":{"index":"index","follow":"follow","max-snippet":"max-snippet:-1","max-image-preview":"max-image-preview:large","max-video-preview":"max-video-preview:-1"},"canonical":"https:\/\/psychiatria.umed.pl\/kzap\/dzialalnosc-badawcza\/","og_locale":"pl_PL","og_type":"article","og_title":"Dzia\u0142alno\u015b\u0107 badawcza - Klinika Zaburze\u0144 Afektywnych i Psychotycznych","og_description":"Dzia\u0142alno\u015b\u0107 badawcza kliniki dotyczy tzw. grup ryzyka rozwoju psychozy, etiopatogenezy i leczenia schizofrenii (szczeg\u00f3lnie wczesnej psychozy) oraz zaburze\u0144 afektywnych. G\u0142\u00f3wne obszary naszych zainteresowa\u0144 to: \u00a0Rola stresu oksydacyjnego w etiopatogenezie schizofrenii Wp\u0142yw lek\u00f3w przeciwpsychotycznych na stres oksydacyjny Zaburzenia w istocie bia\u0142ej...","og_url":"https:\/\/psychiatria.umed.pl\/kzap\/dzialalnosc-badawcza\/","og_site_name":"Klinika Zaburze\u0144 Afektywnych i Psychotycznych","twitter_card":"summary_large_image","schema":{"@context":"https:\/\/schema.org","@graph":[{"@type":"WebPage","@id":"https:\/\/psychiatria.umed.pl\/kzap\/dzialalnosc-badawcza\/","url":"https:\/\/psychiatria.umed.pl\/kzap\/dzialalnosc-badawcza\/","name":"Dzia\u0142alno\u015b\u0107 badawcza - Klinika Zaburze\u0144 Afektywnych i Psychotycznych","isPartOf":{"@id":"https:\/\/psychiatria.umed.pl\/kzap\/#website"},"datePublished":"2021-12-07T11:25:03+00:00","inLanguage":"pl-PL","potentialAction":[{"@type":"ReadAction","target":["https:\/\/psychiatria.umed.pl\/kzap\/dzialalnosc-badawcza\/"]}]},{"@type":"WebSite","@id":"https:\/\/psychiatria.umed.pl\/kzap\/#website","url":"https:\/\/psychiatria.umed.pl\/kzap\/","name":"Klinika Zaburze\u0144 Afektywnych i Psychotycznych","description":"Uniwersytet Medyczny w \u0141odzi","potentialAction":[{"@type":"SearchAction","target":{"@type":"EntryPoint","urlTemplate":"https:\/\/psychiatria.umed.pl\/kzap\/?s={search_term_string}"},"query-input":{"@type":"PropertyValueSpecification","valueRequired":true,"valueName":"search_term_string"}}],"inLanguage":"pl-PL"}]}},"lang":"pl","translations":{"en":128,"pl":44},"pll_sync_post":[],"_links":{"self":[{"href":"https:\/\/psychiatria.umed.pl\/kzap\/wp-json\/wp\/v2\/pages\/44","targetHints":{"allow":["GET"]}}],"collection":[{"href":"https:\/\/psychiatria.umed.pl\/kzap\/wp-json\/wp\/v2\/pages"}],"about":[{"href":"https:\/\/psychiatria.umed.pl\/kzap\/wp-json\/wp\/v2\/types\/page"}],"author":[{"embeddable":true,"href":"https:\/\/psychiatria.umed.pl\/kzap\/wp-json\/wp\/v2\/users\/2"}],"replies":[{"embeddable":true,"href":"https:\/\/psychiatria.umed.pl\/kzap\/wp-json\/wp\/v2\/comments?post=44"}],"version-history":[{"count":2,"href":"https:\/\/psychiatria.umed.pl\/kzap\/wp-json\/wp\/v2\/pages\/44\/revisions"}],"predecessor-version":[{"id":52,"href":"https:\/\/psychiatria.umed.pl\/kzap\/wp-json\/wp\/v2\/pages\/44\/revisions\/52"}],"wp:attachment":[{"href":"https:\/\/psychiatria.umed.pl\/kzap\/wp-json\/wp\/v2\/media?parent=44"}],"curies":[{"name":"wp","href":"https:\/\/api.w.org\/{rel}","templated":true}]}}