{"id":159,"date":"2021-12-08T09:30:53","date_gmt":"2021-12-08T08:30:53","guid":{"rendered":"https:\/\/psychiatria.umed.pl\/kzap\/?page_id=159"},"modified":"2021-12-08T09:30:53","modified_gmt":"2021-12-08T08:30:53","slug":"kontakt","status":"publish","type":"page","link":"https:\/\/psychiatria.umed.pl\/kzap\/en\/kontakt\/","title":{"rendered":"Contact Us"},"content":{"rendered":"<p><strong><span lang=\"EN-US\" xml:lang=\"EN-US\">Department of Affective and Psychotic Disorders<br \/>\n<\/span><\/strong><span lang=\"EN-US\" xml:lang=\"EN-US\">Dorota Paciorek<br \/>\n<\/span><span lang=\"EN-US\" xml:lang=\"EN-US\">(secretary)<br \/>\n<\/span>92-216 \u0141\u00f3d\u017a, ul. Czechos\u0142owacka 8\/10<br \/>\ntel. 42 675 73 71<br \/>\nfaks 42 675 74 03<br \/>\ne-mail: <a href=\"mailto:dorota.paciorek@umed.lodz.pl\">dorota.paciorek@umed.lodz.pl<\/a><\/p>\n<ul>\n<li><a href=\"http:\/\/a.umed.pl\/psychiatria\/index.en.php?plik=lokalizacja&amp;d=doc\"> LOCATION<\/a><\/li>\n<li><a href=\"http:\/\/www.umed.pl\/eng\">MEDICAL UNIVERSITY HOME PAGE<\/a><\/li>\n<\/ul>\n","protected":false},"excerpt":{"rendered":"<p>Department of Affective and Psychotic Disorders Dorota Paciorek (secretary) 92-216 \u0141\u00f3d\u017a, ul. Czechos\u0142owacka 8\/10 tel. 42 675 73 71 faks 42 675 74 03 e-mail: dorota.paciorek@umed.lodz.pl LOCATION MEDICAL UNIVERSITY HOME PAGE<\/p>\n","protected":false},"author":2,"featured_media":0,"parent":0,"menu_order":0,"comment_status":"closed","ping_status":"closed","template":"page-kontakt.php","meta":{"footnotes":""},"class_list":["post-159","page","type-page","status-publish","hentry"],"yoast_head":"<!-- This site is optimized with the Yoast SEO plugin v27.4 - https:\/\/yoast.com\/product\/yoast-seo-wordpress\/ -->\n<title>Contact Us - Klinika Zaburze\u0144 Afektywnych i Psychotycznych<\/title>\n<meta name=\"robots\" content=\"index, follow, max-snippet:-1, max-image-preview:large, max-video-preview:-1\" \/>\n<link rel=\"canonical\" href=\"https:\/\/psychiatria.umed.pl\/kzap\/en\/kontakt\/\" \/>\n<meta property=\"og:locale\" content=\"pl_PL\" \/>\n<meta property=\"og:type\" content=\"article\" \/>\n<meta property=\"og:title\" content=\"Contact Us - Klinika Zaburze\u0144 Afektywnych i Psychotycznych\" \/>\n<meta property=\"og:description\" content=\"Department of Affective and Psychotic Disorders Dorota Paciorek (secretary) 92-216 \u0141\u00f3d\u017a, ul. Czechos\u0142owacka 8\/10 tel. 42 675 73 71 faks 42 675 74 03 e-mail: dorota.paciorek@umed.lodz.pl LOCATION MEDICAL UNIVERSITY HOME PAGE\" \/>\n<meta property=\"og:url\" content=\"https:\/\/psychiatria.umed.pl\/kzap\/en\/kontakt\/\" \/>\n<meta property=\"og:site_name\" content=\"Klinika Zaburze\u0144 Afektywnych i Psychotycznych\" \/>\n<meta name=\"twitter:card\" content=\"summary_large_image\" \/>\n<script type=\"application\/ld+json\" class=\"yoast-schema-graph\">{\"@context\":\"https:\\\/\\\/schema.org\",\"@graph\":[{\"@type\":\"WebPage\",\"@id\":\"https:\\\/\\\/psychiatria.umed.pl\\\/kzap\\\/en\\\/kontakt\\\/\",\"url\":\"https:\\\/\\\/psychiatria.umed.pl\\\/kzap\\\/en\\\/kontakt\\\/\",\"name\":\"Contact Us - Klinika Zaburze\u0144 Afektywnych i Psychotycznych\",\"isPartOf\":{\"@id\":\"https:\\\/\\\/psychiatria.umed.pl\\\/kzap\\\/#website\"},\"datePublished\":\"2021-12-08T08:30:53+00:00\",\"inLanguage\":\"pl-PL\",\"potentialAction\":[{\"@type\":\"ReadAction\",\"target\":[\"https:\\\/\\\/psychiatria.umed.pl\\\/kzap\\\/en\\\/kontakt\\\/\"]}]},{\"@type\":\"WebSite\",\"@id\":\"https:\\\/\\\/psychiatria.umed.pl\\\/kzap\\\/#website\",\"url\":\"https:\\\/\\\/psychiatria.umed.pl\\\/kzap\\\/\",\"name\":\"Klinika Zaburze\u0144 Afektywnych i Psychotycznych\",\"description\":\"Uniwersytet Medyczny w \u0141odzi\",\"potentialAction\":[{\"@type\":\"SearchAction\",\"target\":{\"@type\":\"EntryPoint\",\"urlTemplate\":\"https:\\\/\\\/psychiatria.umed.pl\\\/kzap\\\/?s={search_term_string}\"},\"query-input\":{\"@type\":\"PropertyValueSpecification\",\"valueRequired\":true,\"valueName\":\"search_term_string\"}}],\"inLanguage\":\"pl-PL\"}]}<\/script>\n<!-- \/ Yoast SEO plugin. -->","yoast_head_json":{"title":"Contact Us - Klinika Zaburze\u0144 Afektywnych i Psychotycznych","robots":{"index":"index","follow":"follow","max-snippet":"max-snippet:-1","max-image-preview":"max-image-preview:large","max-video-preview":"max-video-preview:-1"},"canonical":"https:\/\/psychiatria.umed.pl\/kzap\/en\/kontakt\/","og_locale":"pl_PL","og_type":"article","og_title":"Contact Us - Klinika Zaburze\u0144 Afektywnych i Psychotycznych","og_description":"Department of Affective and Psychotic Disorders Dorota Paciorek (secretary) 92-216 \u0141\u00f3d\u017a, ul. Czechos\u0142owacka 8\/10 tel. 42 675 73 71 faks 42 675 74 03 e-mail: dorota.paciorek@umed.lodz.pl LOCATION MEDICAL UNIVERSITY HOME PAGE","og_url":"https:\/\/psychiatria.umed.pl\/kzap\/en\/kontakt\/","og_site_name":"Klinika Zaburze\u0144 Afektywnych i Psychotycznych","twitter_card":"summary_large_image","schema":{"@context":"https:\/\/schema.org","@graph":[{"@type":"WebPage","@id":"https:\/\/psychiatria.umed.pl\/kzap\/en\/kontakt\/","url":"https:\/\/psychiatria.umed.pl\/kzap\/en\/kontakt\/","name":"Contact Us - Klinika Zaburze\u0144 Afektywnych i Psychotycznych","isPartOf":{"@id":"https:\/\/psychiatria.umed.pl\/kzap\/#website"},"datePublished":"2021-12-08T08:30:53+00:00","inLanguage":"pl-PL","potentialAction":[{"@type":"ReadAction","target":["https:\/\/psychiatria.umed.pl\/kzap\/en\/kontakt\/"]}]},{"@type":"WebSite","@id":"https:\/\/psychiatria.umed.pl\/kzap\/#website","url":"https:\/\/psychiatria.umed.pl\/kzap\/","name":"Klinika Zaburze\u0144 Afektywnych i Psychotycznych","description":"Uniwersytet Medyczny w \u0141odzi","potentialAction":[{"@type":"SearchAction","target":{"@type":"EntryPoint","urlTemplate":"https:\/\/psychiatria.umed.pl\/kzap\/?s={search_term_string}"},"query-input":{"@type":"PropertyValueSpecification","valueRequired":true,"valueName":"search_term_string"}}],"inLanguage":"pl-PL"}]}},"lang":"en","translations":{"en":159,"pl":40},"pll_sync_post":[],"_links":{"self":[{"href":"https:\/\/psychiatria.umed.pl\/kzap\/wp-json\/wp\/v2\/pages\/159","targetHints":{"allow":["GET"]}}],"collection":[{"href":"https:\/\/psychiatria.umed.pl\/kzap\/wp-json\/wp\/v2\/pages"}],"about":[{"href":"https:\/\/psychiatria.umed.pl\/kzap\/wp-json\/wp\/v2\/types\/page"}],"author":[{"embeddable":true,"href":"https:\/\/psychiatria.umed.pl\/kzap\/wp-json\/wp\/v2\/users\/2"}],"replies":[{"embeddable":true,"href":"https:\/\/psychiatria.umed.pl\/kzap\/wp-json\/wp\/v2\/comments?post=159"}],"version-history":[{"count":1,"href":"https:\/\/psychiatria.umed.pl\/kzap\/wp-json\/wp\/v2\/pages\/159\/revisions"}],"predecessor-version":[{"id":160,"href":"https:\/\/psychiatria.umed.pl\/kzap\/wp-json\/wp\/v2\/pages\/159\/revisions\/160"}],"wp:attachment":[{"href":"https:\/\/psychiatria.umed.pl\/kzap\/wp-json\/wp\/v2\/media?parent=159"}],"curies":[{"name":"wp","href":"https:\/\/api.w.org\/{rel}","templated":true}]}}